{"id":634,"date":"2020-12-21T15:30:53","date_gmt":"2020-12-21T15:30:53","guid":{"rendered":"https:\/\/bio-wc.md\/?page_id=634"},"modified":"2021-01-25T10:14:25","modified_gmt":"2021-01-25T10:14:25","slug":"umyvalniki","status":"publish","type":"page","link":"https:\/\/bio-wc.md\/ro\/umyvalniki\/","title":{"rendered":"\u0423\u043c\u044b\u0432\u0430\u043b\u044c\u043d\u0438\u043a\u0438"},"content":{"rendered":"\t\t<div data-elementor-type=\"wp-page\" data-elementor-id=\"634\" class=\"elementor elementor-634\" data-elementor-settings=\"[]\">\n\t\t\t\t\t\t<div class=\"elementor-inner\">\n\t\t\t\t\t\t\t<div class=\"elementor-section-wrap\">\n\t\t\t\t\t\t\t<section class=\"elementor-section elementor-top-section elementor-element elementor-element-ab6cc0b elementor-section-boxed elementor-section-height-default elementor-section-height-default ct-columns-alignment-fix\" data-id=\"ab6cc0b\" data-element_type=\"section\">\n\t\t\t\t\t\t<div class=\"elementor-container elementor-column-gap-default\">\n\t\t\t\t\t\t\t<div class=\"elementor-row\">\n\t\t\t\t\t<div class=\"elementor-column elementor-col-100 elementor-top-column elementor-element elementor-element-17ef6c3\" data-id=\"17ef6c3\" data-element_type=\"column\">\n\t\t\t<div class=\"elementor-column-wrap elementor-element-populated\">\n\t\t\t\t\t\t\t<div class=\"elementor-widget-wrap\">\n\t\t\t\t\t\t<div class=\"elementor-element elementor-element-cc628ce elementor-widget elementor-widget-heading\" data-id=\"cc628ce\" data-element_type=\"widget\" data-widget_type=\"heading.default\">\n\t\t\t\t<div class=\"elementor-widget-container\">\n\t\t\t<h2 class=\"elementor-heading-title elementor-size-default\">Chiuvete portabile<\/h2>\t\t<\/div>\n\t\t\t\t<\/div>\n\t\t\t\t\t\t<\/div>\n\t\t\t\t\t<\/div>\n\t\t<\/div>\n\t\t\t\t\t\t\t\t<\/div>\n\t\t\t\t\t<\/div>\n\t\t<\/section>\n\t\t\t\t<section class=\"elementor-section elementor-top-section elementor-element elementor-element-a16d2b2 elementor-section-boxed elementor-section-height-default elementor-section-height-default ct-columns-alignment-fix\" data-id=\"a16d2b2\" data-element_type=\"section\">\n\t\t\t\t\t\t<div class=\"elementor-container elementor-column-gap-default\">\n\t\t\t\t\t\t\t<div class=\"elementor-row\">\n\t\t\t\t\t<div class=\"elementor-column elementor-col-33 elementor-top-column elementor-element elementor-element-e4943c1\" data-id=\"e4943c1\" data-element_type=\"column\">\n\t\t\t<div class=\"elementor-column-wrap elementor-element-populated\">\n\t\t\t\t\t\t\t<div class=\"elementor-widget-wrap\">\n\t\t\t\t\t\t<div class=\"elementor-element elementor-element-1dd2c2b elementor-position-top elementor-vertical-align-top elementor-widget elementor-widget-image-box\" data-id=\"1dd2c2b\" data-element_type=\"widget\" data-widget_type=\"image-box.default\">\n\t\t\t\t<div class=\"elementor-widget-container\">\n\t\t\t<div class=\"elementor-image-box-wrapper\"><figure class=\"elementor-image-box-img\"><a href=\"https:\/\/bio-wc.md\/global-ekko\/\"><img decoding=\"async\" src=\"https:\/\/bio-wc.md\/wp-content\/uploads\/elementor\/thumbs\/Screenshot-2020-12-16-162355-ozyfwa19pfkq83a419puiqnctuy0sd573oub6hz2xs.png\" title=\"Screenshot 2020-12-16 162355\" alt=\"Screenshot 2020-12-16 162355\" \/><\/a><\/figure><div class=\"elementor-image-box-content\"><h3 class=\"elementor-image-box-title\"><a href=\"https:\/\/bio-wc.md\/global-ekko\/\">GLOBAL EKKO<\/a><\/h3><\/div><\/div>\t\t<\/div>\n\t\t\t\t<\/div>\n\t\t\t\t<div class=\"elementor-element elementor-element-32718b9 elementor-widget elementor-widget-text-editor\" data-id=\"32718b9\" data-element_type=\"widget\" data-widget_type=\"text-editor.default\">\n\t\t\t\t<div class=\"elementor-widget-container\">\n\t\t\t\t\t<div class=\"elementor-text-editor elementor-clearfix\"><p><\/p><div class=\"elementor-widget-container\"><div class=\"elementor-text-editor elementor-clearfix\"><p><span style=\"vertical-align: inherit;\"><span class=\"\" style=\"vertical-align: inherit;\">\u00cen\u0103l\u021bime 1200 mm <\/span><\/span><br \/><span style=\"vertical-align: inherit;\"><span class=\"\" style=\"vertical-align: inherit;\">L\u0103\u021bime 670 mm <\/span><\/span><br \/><span style=\"vertical-align: inherit;\"><span class=\"\" style=\"vertical-align: inherit;\">Ad\u00e2ncime 250 mm <\/span><\/span><br \/><span style=\"vertical-align: inherit;\"><span class=\"\" style=\"vertical-align: inherit;\">Greutate 9 kg<\/span><\/span><\/p><\/div><\/div><p><\/p><\/div>\n\t\t\t\t<\/div>\n\t\t\t\t<\/div>\n\t\t\t\t\t\t<\/div>\n\t\t\t\t\t<\/div>\n\t\t<\/div>\n\t\t\t\t<div class=\"elementor-column elementor-col-33 elementor-top-column elementor-element elementor-element-e0ce6f9\" data-id=\"e0ce6f9\" data-element_type=\"column\">\n\t\t\t<div class=\"elementor-column-wrap elementor-element-populated\">\n\t\t\t\t\t\t\t<div class=\"elementor-widget-wrap\">\n\t\t\t\t\t\t<div class=\"elementor-element elementor-element-0d17a3b elementor-position-top elementor-vertical-align-top elementor-widget elementor-widget-image-box\" data-id=\"0d17a3b\" data-element_type=\"widget\" data-widget_type=\"image-box.default\">\n\t\t\t\t<div class=\"elementor-widget-container\">\n\t\t\t<div class=\"elementor-image-box-wrapper\"><figure class=\"elementor-image-box-img\"><a href=\"https:\/\/bio-wc.md\/global-kombo\/\"><img decoding=\"async\" src=\"https:\/\/bio-wc.md\/wp-content\/uploads\/elementor\/thumbs\/Screenshot-2020-12-16-162444-ozyfwm966a1gf0sd1wzzx5kcjv9skfhphdbmf3gyow.png\" title=\"Screenshot 2020-12-16 162444\" alt=\"Screenshot 2020-12-16 162444\" \/><\/a><\/figure><div class=\"elementor-image-box-content\"><h3 class=\"elementor-image-box-title\"><a href=\"https:\/\/bio-wc.md\/global-kombo\/\">GLOBAL KOMBO<\/a><\/h3><\/div><\/div>\t\t<\/div>\n\t\t\t\t<\/div>\n\t\t\t\t<div class=\"elementor-element elementor-element-a993228 elementor-widget elementor-widget-text-editor\" data-id=\"a993228\" data-element_type=\"widget\" data-widget_type=\"text-editor.default\">\n\t\t\t\t<div class=\"elementor-widget-container\">\n\t\t\t\t\t<div class=\"elementor-text-editor elementor-clearfix\"><p><\/p><div class=\"elementor-text-editor elementor-clearfix\"><p><span style=\"vertical-align: inherit;\"><span class=\"\" style=\"vertical-align: inherit;\">\u00cen\u0103l\u021bime 1200 mm <\/span><\/span><br \/><span style=\"vertical-align: inherit;\"><span class=\"\" style=\"vertical-align: inherit;\">L\u0103\u021bime 670 mm <\/span><\/span><br \/><span style=\"vertical-align: inherit;\"><span class=\"\" style=\"vertical-align: inherit;\">Ad\u00e2ncime 250 mm <\/span><\/span><br \/><span style=\"vertical-align: inherit;\"><span class=\"\" style=\"vertical-align: inherit;\">Greutate 9 kg<\/span><\/span><\/p><\/div><p><\/p><\/div>\n\t\t\t\t<\/div>\n\t\t\t\t<\/div>\n\t\t\t\t\t\t<\/div>\n\t\t\t\t\t<\/div>\n\t\t<\/div>\n\t\t\t\t<div class=\"elementor-column elementor-col-33 elementor-top-column elementor-element elementor-element-91a3966\" data-id=\"91a3966\" data-element_type=\"column\">\n\t\t\t<div class=\"elementor-column-wrap elementor-element-populated\">\n\t\t\t\t\t\t\t<div class=\"elementor-widget-wrap\">\n\t\t\t\t\t\t<div class=\"elementor-element elementor-element-548170d elementor-position-top elementor-vertical-align-top elementor-widget elementor-widget-image-box\" data-id=\"548170d\" data-element_type=\"widget\" data-widget_type=\"image-box.default\">\n\t\t\t\t<div class=\"elementor-widget-container\">\n\t\t\t<div class=\"elementor-image-box-wrapper\"><figure class=\"elementor-image-box-img\"><a href=\"https:\/\/bio-wc.md\/global-duo\/\"><img decoding=\"async\" src=\"https:\/\/bio-wc.md\/wp-content\/uploads\/elementor\/thumbs\/Screenshot-2020-12-16-162514-ozyfwyh2n4i6lyam2ka5bkhc9vlkchu7v1sxnoyug0.png\" title=\"Screenshot 2020-12-16 162514\" alt=\"Screenshot 2020-12-16 162514\" \/><\/a><\/figure><div class=\"elementor-image-box-content\"><h3 class=\"elementor-image-box-title\"><a href=\"https:\/\/bio-wc.md\/global-duo\/\">GLOBAL DUO<\/a><\/h3><\/div><\/div>\t\t<\/div>\n\t\t\t\t<\/div>\n\t\t\t\t<div class=\"elementor-element elementor-element-a3fdbac elementor-widget elementor-widget-text-editor\" data-id=\"a3fdbac\" data-element_type=\"widget\" data-widget_type=\"text-editor.default\">\n\t\t\t\t<div class=\"elementor-widget-container\">\n\t\t\t\t\t<div class=\"elementor-text-editor elementor-clearfix\"><p><\/p><div class=\"elementor-widget-container\"><div class=\"elementor-text-editor elementor-clearfix\"><p><span style=\"vertical-align: inherit;\"><span class=\"goog-text-highlight\" style=\"vertical-align: inherit;\">\u00cen\u0103l\u021bime 1150 mm <\/span><\/span><br \/><span style=\"vertical-align: inherit;\"><span class=\"goog-text-highlight\" style=\"vertical-align: inherit;\">L\u0103\u021bime 1100 mm <\/span><\/span><br \/><span style=\"vertical-align: inherit;\"><span class=\"goog-text-highlight\" style=\"vertical-align: inherit;\">Ad\u00e2ncime 600 mm <\/span><\/span><br \/><span style=\"vertical-align: inherit;\"><span class=\"goog-text-highlight\" style=\"vertical-align: inherit;\">Greutate 40 kg<\/span><\/span><\/p><\/div><\/div><p><\/p><\/div>\n\t\t\t\t<\/div>\n\t\t\t\t<\/div>\n\t\t\t\t\t\t<\/div>\n\t\t\t\t\t<\/div>\n\t\t<\/div>\n\t\t\t\t\t\t\t\t<\/div>\n\t\t\t\t\t<\/div>\n\t\t<\/section>\n\t\t\t\t<section class=\"elementor-section elementor-top-section elementor-element elementor-element-4dbc027 elementor-section-boxed elementor-section-height-default elementor-section-height-default ct-columns-alignment-fix\" data-id=\"4dbc027\" data-element_type=\"section\">\n\t\t\t\t\t\t<div class=\"elementor-container elementor-column-gap-default\">\n\t\t\t\t\t\t\t<div class=\"elementor-row\">\n\t\t\t\t\t<div class=\"elementor-column elementor-col-100 elementor-top-column elementor-element elementor-element-ea351a5\" data-id=\"ea351a5\" data-element_type=\"column\">\n\t\t\t<div class=\"elementor-column-wrap elementor-element-populated\">\n\t\t\t\t\t\t\t<div class=\"elementor-widget-wrap\">\n\t\t\t\t\t\t<div class=\"elementor-element elementor-element-e6da928 elementor-align-center animated-fast elementor-invisible elementor-widget elementor-widget-button\" data-id=\"e6da928\" data-element_type=\"widget\" data-settings=\"{&quot;_animation&quot;:&quot;slideInUp&quot;}\" data-widget_type=\"button.default\">\n\t\t\t\t<div class=\"elementor-widget-container\">\n\t\t\t\t\t<div class=\"elementor-button-wrapper\">\n\t\t\t<a href=\"https:\/\/bio-wc.md\/contacte\/\" class=\"elementor-button-link elementor-button elementor-size-sm elementor-animation-shrink\" role=\"button\">\n\t\t\t\t\t\t<span class=\"elementor-button-content-wrapper\">\n\t\t\t\t\t\t<span class=\"elementor-button-text\">Contacteaz\u0103-ne<\/span>\n\t\t<\/span>\n\t\t\t\t\t<\/a>\n\t\t<\/div>\n\t\t\t\t<\/div>\n\t\t\t\t<\/div>\n\t\t\t\t\t\t<\/div>\n\t\t\t\t\t<\/div>\n\t\t<\/div>\n\t\t\t\t\t\t\t\t<\/div>\n\t\t\t\t\t<\/div>\n\t\t<\/section>\n\t\t\t\t<section class=\"elementor-section elementor-top-section elementor-element elementor-element-924db64 elementor-section-boxed elementor-section-height-default elementor-section-height-default ct-columns-alignment-fix\" data-id=\"924db64\" data-element_type=\"section\">\n\t\t\t\t\t\t<div class=\"elementor-container elementor-column-gap-default\">\n\t\t\t\t\t\t\t<div class=\"elementor-row\">\n\t\t\t\t\t<div class=\"elementor-column elementor-col-100 elementor-top-column elementor-element elementor-element-64f584d\" data-id=\"64f584d\" data-element_type=\"column\">\n\t\t\t<div class=\"elementor-column-wrap elementor-element-populated\">\n\t\t\t\t\t\t\t<div class=\"elementor-widget-wrap\">\n\t\t\t\t\t\t<div class=\"elementor-element elementor-element-8df87af gallery-spacing-custom elementor-widget elementor-widget-image-gallery\" data-id=\"8df87af\" data-element_type=\"widget\" data-widget_type=\"image-gallery.default\">\n\t\t\t\t<div class=\"elementor-widget-container\">\n\t\t\t\t\t<div class=\"elementor-image-gallery\">\n\t\t\t<div id='gallery-1' class='gallery galleryid-634 gallery-columns-6 gallery-size-thumbnail'><figure class='gallery-item'>\n\t\t\t<div class='gallery-icon landscape'>\n\t\t\t\t<a data-elementor-open-lightbox=\"yes\" data-elementor-lightbox-slideshow=\"8df87af\" href='https:\/\/bio-wc.md\/wp-content\/uploads\/2020\/12\/global-portable-toilets.jpg'><img loading=\"lazy\" decoding=\"async\" width=\"150\" height=\"150\" src=\"https:\/\/bio-wc.md\/wp-content\/uploads\/2020\/12\/global-portable-toilets-150x150.jpg\" class=\"attachment-thumbnail size-thumbnail\" alt=\"\" \/><\/a>\n\t\t\t<\/div><\/figure><figure class='gallery-item'>\n\t\t\t<div class='gallery-icon landscape'>\n\t\t\t\t<a data-elementor-open-lightbox=\"yes\" data-elementor-lightbox-slideshow=\"8df87af\" href='https:\/\/bio-wc.md\/wp-content\/uploads\/2020\/12\/Untitled-1.png'><img loading=\"lazy\" decoding=\"async\" width=\"150\" height=\"150\" src=\"https:\/\/bio-wc.md\/wp-content\/uploads\/2020\/12\/Untitled-1-150x150.png\" class=\"attachment-thumbnail size-thumbnail\" alt=\"\" \/><\/a>\n\t\t\t<\/div><\/figure><figure class='gallery-item'>\n\t\t\t<div class='gallery-icon landscape'>\n\t\t\t\t<a data-elementor-open-lightbox=\"yes\" data-elementor-lightbox-slideshow=\"8df87af\" href='https:\/\/bio-wc.md\/wp-content\/uploads\/2020\/12\/global-additional-products-entry.jpg'><img loading=\"lazy\" decoding=\"async\" width=\"150\" height=\"150\" src=\"https:\/\/bio-wc.md\/wp-content\/uploads\/2020\/12\/global-additional-products-entry-150x150.jpg\" class=\"attachment-thumbnail size-thumbnail\" alt=\"\" \/><\/a>\n\t\t\t<\/div><\/figure><figure class='gallery-item'>\n\t\t\t<div class='gallery-icon landscape'>\n\t\t\t\t<a data-elementor-open-lightbox=\"yes\" data-elementor-lightbox-slideshow=\"8df87af\" href='https:\/\/bio-wc.md\/wp-content\/uploads\/2020\/12\/Screenshot-2020-12-14-171008.png'><img loading=\"lazy\" decoding=\"async\" width=\"150\" height=\"150\" src=\"https:\/\/bio-wc.md\/wp-content\/uploads\/2020\/12\/Screenshot-2020-12-14-171008-150x150.png\" class=\"attachment-thumbnail size-thumbnail\" alt=\"\" \/><\/a>\n\t\t\t<\/div><\/figure><figure class='gallery-item'>\n\t\t\t<div class='gallery-icon landscape'>\n\t\t\t\t<a data-elementor-open-lightbox=\"yes\" data-elementor-lightbox-slideshow=\"8df87af\" href='https:\/\/bio-wc.md\/wp-content\/uploads\/2020\/12\/Screenshot-2020-12-14-170941.png'><img loading=\"lazy\" decoding=\"async\" width=\"150\" height=\"150\" src=\"https:\/\/bio-wc.md\/wp-content\/uploads\/2020\/12\/Screenshot-2020-12-14-170941-150x150.png\" class=\"attachment-thumbnail size-thumbnail\" alt=\"\" \/><\/a>\n\t\t\t<\/div><\/figure><figure class='gallery-item'>\n\t\t\t<div class='gallery-icon landscape'>\n\t\t\t\t<a data-elementor-open-lightbox=\"yes\" data-elementor-lightbox-slideshow=\"8df87af\" href='https:\/\/bio-wc.md\/wp-content\/uploads\/2020\/12\/Screenshot-2020-12-14-171038.png'><img loading=\"lazy\" decoding=\"async\" width=\"150\" height=\"150\" src=\"https:\/\/bio-wc.md\/wp-content\/uploads\/2020\/12\/Screenshot-2020-12-14-171038-150x150.png\" class=\"attachment-thumbnail size-thumbnail\" alt=\"\" \/><\/a>\n\t\t\t<\/div><\/figure><figure class='gallery-item'>\n\t\t\t<div class='gallery-icon landscape'>\n\t\t\t\t<a data-elementor-open-lightbox=\"yes\" data-elementor-lightbox-slideshow=\"8df87af\" href='https:\/\/bio-wc.md\/wp-content\/uploads\/2020\/12\/global-entsorgungseinheiten-entry-2.jpg'><img loading=\"lazy\" decoding=\"async\" width=\"150\" height=\"150\" src=\"https:\/\/bio-wc.md\/wp-content\/uploads\/2020\/12\/global-entsorgungseinheiten-entry-2-150x150.jpg\" class=\"attachment-thumbnail size-thumbnail\" alt=\"\" \/><\/a>\n\t\t\t<\/div><\/figure><figure class='gallery-item'>\n\t\t\t<div class='gallery-icon landscape'>\n\t\t\t\t<a data-elementor-open-lightbox=\"yes\" data-elementor-lightbox-slideshow=\"8df87af\" href='https:\/\/bio-wc.md\/wp-content\/uploads\/2020\/12\/scr_4-1.png'><img loading=\"lazy\" decoding=\"async\" width=\"150\" height=\"150\" src=\"https:\/\/bio-wc.md\/wp-content\/uploads\/2020\/12\/scr_4-1-150x150.png\" class=\"attachment-thumbnail size-thumbnail\" alt=\"\" \/><\/a>\n\t\t\t<\/div><\/figure><figure class='gallery-item'>\n\t\t\t<div class='gallery-icon portrait'>\n\t\t\t\t<a data-elementor-open-lightbox=\"yes\" data-elementor-lightbox-slideshow=\"8df87af\" href='https:\/\/bio-wc.md\/wp-content\/uploads\/2020\/12\/scr_3-1.png'><img loading=\"lazy\" decoding=\"async\" width=\"150\" height=\"150\" src=\"https:\/\/bio-wc.md\/wp-content\/uploads\/2020\/12\/scr_3-1-150x150.png\" class=\"attachment-thumbnail size-thumbnail\" alt=\"\" \/><\/a>\n\t\t\t<\/div><\/figure><figure class='gallery-item'>\n\t\t\t<div class='gallery-icon portrait'>\n\t\t\t\t<a data-elementor-open-lightbox=\"yes\" data-elementor-lightbox-slideshow=\"8df87af\" href='https:\/\/bio-wc.md\/wp-content\/uploads\/2020\/12\/scr_5-1.png'><img loading=\"lazy\" decoding=\"async\" width=\"150\" height=\"150\" src=\"https:\/\/bio-wc.md\/wp-content\/uploads\/2020\/12\/scr_5-1-150x150.png\" class=\"attachment-thumbnail size-thumbnail\" alt=\"\" \/><\/a>\n\t\t\t<\/div><\/figure><figure class='gallery-item'>\n\t\t\t<div class='gallery-icon portrait'>\n\t\t\t\t<a data-elementor-open-lightbox=\"yes\" data-elementor-lightbox-slideshow=\"8df87af\" href='https:\/\/bio-wc.md\/wp-content\/uploads\/2020\/12\/scr_6-1.png'><img loading=\"lazy\" decoding=\"async\" width=\"150\" height=\"150\" src=\"https:\/\/bio-wc.md\/wp-content\/uploads\/2020\/12\/scr_6-1-150x150.png\" class=\"attachment-thumbnail size-thumbnail\" alt=\"\" \/><\/a>\n\t\t\t<\/div><\/figure>\n\t\t<\/div>\n\t\t<\/div>\n\t\t\t\t<\/div>\n\t\t\t\t<\/div>\n\t\t\t\t\t\t<\/div>\n\t\t\t\t\t<\/div>\n\t\t<\/div>\n\t\t\t\t\t\t\t\t<\/div>\n\t\t\t\t\t<\/div>\n\t\t<\/section>\n\t\t\t\t<section class=\"elementor-section elementor-top-section elementor-element elementor-element-681c8fc ct-section-stretched elementor-section-height-min-height elementor-section-boxed elementor-section-height-default elementor-section-items-middle ct-columns-alignment-fix\" data-id=\"681c8fc\" data-element_type=\"section\" data-settings=\"{&quot;background_background&quot;:&quot;slideshow&quot;,&quot;background_slideshow_gallery&quot;:[{&quot;id&quot;:309,&quot;url&quot;:&quot;https:\\\/\\\/bio-wc.md\\\/wp-content\\\/uploads\\\/2020\\\/12\\\/footer-1920.png&quot;}],&quot;background_slideshow_loop&quot;:&quot;yes&quot;,&quot;background_slideshow_slide_duration&quot;:5000,&quot;background_slideshow_slide_transition&quot;:&quot;fade&quot;,&quot;background_slideshow_transition_duration&quot;:500}\">\n\t\t\t\t\t\t<div class=\"elementor-container elementor-column-gap-default\">\n\t\t\t\t\t\t\t<div class=\"elementor-row\">\n\t\t\t\t\t<div class=\"elementor-column elementor-col-100 elementor-top-column elementor-element elementor-element-fe4563c\" data-id=\"fe4563c\" data-element_type=\"column\">\n\t\t\t<div class=\"elementor-column-wrap\">\n\t\t\t\t\t\t\t<div class=\"elementor-widget-wrap\">\n\t\t\t\t\t\t\t\t<\/div>\n\t\t\t\t\t<\/div>\n\t\t<\/div>\n\t\t\t\t\t\t\t\t<\/div>\n\t\t\t\t\t<\/div>\n\t\t<\/section>\n\t\t\t\t\t\t<\/div>\n\t\t\t\t\t\t<\/div>\n\t\t\t\t\t<\/div>\n\t\t","protected":false},"excerpt":{"rendered":"<p>Chiuvete portabile GLOBAL EKKO \u00cen\u0103l\u021bime 1200 mm L\u0103\u021bime 670 mm Ad\u00e2ncime 250 mm Greutate 9 kg GLOBAL KOMBO \u00cen\u0103l\u021bime 1200 mm L\u0103\u021bime 670 mm Ad\u00e2ncime 250 mm Greutate 9 kg GLOBAL DUO \u00cen\u0103l\u021bime 1150 mm L\u0103\u021bime 1100 mm Ad\u00e2ncime 600 mm Greutate 40 kg Contacteaz\u0103-ne<\/p>\n","protected":false},"author":1,"featured_media":0,"parent":0,"menu_order":0,"comment_status":"closed","ping_status":"closed","template":"","meta":{"footnotes":""},"class_list":["post-634","page","type-page","status-publish","hentry"],"blocksy_meta":"","featured_image_urls":{"full":"","thumbnail":"","medium":"","medium_large":"","large":"","1536x1536":"","2048x2048":""},"post_excerpt_stackable":"<p>Chiuvete portabile GLOBAL EKKO \u00cen\u0103l\u021bime 1200 mm L\u0103\u021bime 670 mm Ad\u00e2ncime 250 mm Greutate 9 kg GLOBAL KOMBO \u00cen\u0103l\u021bime 1200 mm L\u0103\u021bime 670 mm Ad\u00e2ncime 250 mm Greutate 9 kg GLOBAL DUO \u00cen\u0103l\u021bime 1150 mm L\u0103\u021bime 1100 mm Ad\u00e2ncime 600 mm Greutate 40 kg Contacteaz\u0103-ne<\/p>\n","category_list":"","author_info":{"name":"Vlad_dec","url":"https:\/\/bio-wc.md\/ro\/author\/vlad_dec\/"},"comments_num":"0 comments","_links":{"self":[{"href":"https:\/\/bio-wc.md\/ro\/wp-json\/wp\/v2\/pages\/634","targetHints":{"allow":["GET"]}}],"collection":[{"href":"https:\/\/bio-wc.md\/ro\/wp-json\/wp\/v2\/pages"}],"about":[{"href":"https:\/\/bio-wc.md\/ro\/wp-json\/wp\/v2\/types\/page"}],"author":[{"embeddable":true,"href":"https:\/\/bio-wc.md\/ro\/wp-json\/wp\/v2\/users\/1"}],"replies":[{"embeddable":true,"href":"https:\/\/bio-wc.md\/ro\/wp-json\/wp\/v2\/comments?post=634"}],"version-history":[{"count":28,"href":"https:\/\/bio-wc.md\/ro\/wp-json\/wp\/v2\/pages\/634\/revisions"}],"predecessor-version":[{"id":2736,"href":"https:\/\/bio-wc.md\/ro\/wp-json\/wp\/v2\/pages\/634\/revisions\/2736"}],"wp:attachment":[{"href":"https:\/\/bio-wc.md\/ro\/wp-json\/wp\/v2\/media?parent=634"}],"curies":[{"name":"wp","href":"https:\/\/api.w.org\/{rel}","templated":true}]}}