{"id":1532,"date":"2021-01-15T08:39:30","date_gmt":"2021-01-15T08:39:30","guid":{"rendered":"https:\/\/bio-wc.md\/?page_id=1532"},"modified":"2021-01-25T10:12:50","modified_gmt":"2021-01-25T10:12:50","slug":"wc-pentru-persoane-cu-deficiente-locomotorii-2","status":"publish","type":"page","link":"https:\/\/bio-wc.md\/ro\/wc-pentru-persoane-cu-deficiente-locomotorii-2\/","title":{"rendered":"WC pentru persoane cu deficien\u021be locomotorii"},"content":{"rendered":"\t\t<div data-elementor-type=\"wp-page\" data-elementor-id=\"1532\" class=\"elementor elementor-1532\" data-elementor-settings=\"[]\">\n\t\t\t\t\t\t<div class=\"elementor-inner\">\n\t\t\t\t\t\t\t<div class=\"elementor-section-wrap\">\n\t\t\t\t\t\t\t<section class=\"elementor-section elementor-top-section elementor-element elementor-element-ce77e58 elementor-section-boxed elementor-section-height-default elementor-section-height-default ct-columns-alignment-fix\" data-id=\"ce77e58\" data-element_type=\"section\">\n\t\t\t\t\t\t<div class=\"elementor-container elementor-column-gap-default\">\n\t\t\t\t\t\t\t<div class=\"elementor-row\">\n\t\t\t\t\t<div class=\"elementor-column elementor-col-50 elementor-top-column elementor-element elementor-element-11850a5\" data-id=\"11850a5\" data-element_type=\"column\">\n\t\t\t<div class=\"elementor-column-wrap elementor-element-populated\">\n\t\t\t\t\t\t\t<div class=\"elementor-widget-wrap\">\n\t\t\t\t\t\t<div class=\"elementor-element elementor-element-9b1a2a6 elementor-widget elementor-widget-text-editor\" data-id=\"9b1a2a6\" data-element_type=\"widget\" data-widget_type=\"text-editor.default\">\n\t\t\t\t<div class=\"elementor-widget-container\">\n\t\t\t\t\t<div class=\"elementor-text-editor elementor-clearfix\"><p><\/p><div class=\"elementor-widget-container\"><div class=\"elementor-text-editor elementor-clearfix\"><p><span style=\"vertical-align: inherit;\"><span class=\"\" style=\"vertical-align: inherit;\">\u00cen\u0103l\u021bime 2310 mm <\/span><\/span><br \/><span style=\"vertical-align: inherit;\"><span class=\"\" style=\"vertical-align: inherit;\">L\u0103\u021bime 1570 mm <\/span><\/span><br \/><span style=\"vertical-align: inherit;\"><span class=\"\" style=\"vertical-align: inherit;\">Ad\u00e2ncime 1570 mm <\/span><\/span><br \/><span style=\"vertical-align: inherit;\"><span class=\"\" style=\"vertical-align: inherit;\">Greutate 108 kg<\/span><\/span><\/p><\/div><\/div><p><\/p><\/div>\n\t\t\t\t<\/div>\n\t\t\t\t<\/div>\n\t\t\t\t\t\t<\/div>\n\t\t\t\t\t<\/div>\n\t\t<\/div>\n\t\t\t\t<div class=\"elementor-column elementor-col-50 elementor-top-column elementor-element elementor-element-4bd0769\" data-id=\"4bd0769\" data-element_type=\"column\">\n\t\t\t<div class=\"elementor-column-wrap elementor-element-populated\">\n\t\t\t\t\t\t\t<div class=\"elementor-widget-wrap\">\n\t\t\t\t\t\t<div class=\"elementor-element elementor-element-f692ce3 elementor-widget elementor-widget-heading\" data-id=\"f692ce3\" data-element_type=\"widget\" data-widget_type=\"heading.default\">\n\t\t\t\t<div class=\"elementor-widget-container\">\n\t\t\t<h2 class=\"elementor-heading-title elementor-size-default\">Toalet\u0103 portabil\u0103 pentru persoane cu deficien\u021be locomotorii<\/h2>\t\t<\/div>\n\t\t\t\t<\/div>\n\t\t\t\t<div class=\"elementor-element elementor-element-d76ec8a elementor-widget elementor-widget-text-editor\" data-id=\"d76ec8a\" data-element_type=\"widget\" data-widget_type=\"text-editor.default\">\n\t\t\t\t<div class=\"elementor-widget-container\">\n\t\t\t\t\t<div class=\"elementor-text-editor elementor-clearfix\"><p>Ala\u0306turi de noi putet\u0326i oferi posibilitatea tuturor oamenilor sa\u0306 aiba\u0306 acces la evenimentele dumneavoastra\u0306.<\/p><\/div>\n\t\t\t\t<\/div>\n\t\t\t\t<\/div>\n\t\t\t\t<div class=\"elementor-element elementor-element-2daa9f7 elementor-widget elementor-widget-heading\" data-id=\"2daa9f7\" data-element_type=\"widget\" data-widget_type=\"heading.default\">\n\t\t\t\t<div class=\"elementor-widget-container\">\n\t\t\t<h2 class=\"elementor-heading-title elementor-size-default\">Caracteristici<\/h2>\t\t<\/div>\n\t\t\t\t<\/div>\n\t\t\t\t<div class=\"elementor-element elementor-element-4997ebb elementor-icon-list--layout-traditional elementor-list-item-link-full_width elementor-widget elementor-widget-icon-list\" data-id=\"4997ebb\" data-element_type=\"widget\" data-widget_type=\"icon-list.default\">\n\t\t\t\t<div class=\"elementor-widget-container\">\n\t\t\t\t\t<ul class=\"elementor-icon-list-items\">\n\t\t\t\t\t\t\t<li class=\"elementor-icon-list-item\">\n\t\t\t\t\t\t\t\t\t\t\t<span class=\"elementor-icon-list-icon\">\n\t\t\t\t\t\t\t<i aria-hidden=\"true\" class=\"fas fa-chevron-right\"><\/i>\t\t\t\t\t\t<\/span>\n\t\t\t\t\t\t\t\t\t\t<span class=\"elementor-icon-list-text\">Balustrad\u0103 interioar\u0103<\/span>\n\t\t\t\t\t\t\t\t\t<\/li>\n\t\t\t\t\t\t\t\t<li class=\"elementor-icon-list-item\">\n\t\t\t\t\t\t\t\t\t\t\t<span class=\"elementor-icon-list-icon\">\n\t\t\t\t\t\t\t<i aria-hidden=\"true\" class=\"fas fa-chevron-right\"><\/i>\t\t\t\t\t\t<\/span>\n\t\t\t\t\t\t\t\t\t\t<span class=\"elementor-icon-list-text\">1.5m2 spa\u021biu interior<\/span>\n\t\t\t\t\t\t\t\t\t<\/li>\n\t\t\t\t\t\t\t\t<li class=\"elementor-icon-list-item\">\n\t\t\t\t\t\t\t\t\t\t\t<span class=\"elementor-icon-list-icon\">\n\t\t\t\t\t\t\t<i aria-hidden=\"true\" class=\"fas fa-chevron-right\"><\/i>\t\t\t\t\t\t<\/span>\n\t\t\t\t\t\t\t\t\t\t<span class=\"elementor-icon-list-text\">Construc\u021bie puternic\u0103<\/span>\n\t\t\t\t\t\t\t\t\t<\/li>\n\t\t\t\t\t\t\t\t<li class=\"elementor-icon-list-item\">\n\t\t\t\t\t\t\t\t\t\t\t<span class=\"elementor-icon-list-icon\">\n\t\t\t\t\t\t\t<i aria-hidden=\"true\" class=\"fas fa-chevron-right\"><\/i>\t\t\t\t\t\t<\/span>\n\t\t\t\t\t\t\t\t\t\t<span class=\"elementor-icon-list-text\">Robinet cu pomp\u0103 de picior<\/span>\n\t\t\t\t\t\t\t\t\t<\/li>\n\t\t\t\t\t\t\t\t<li class=\"elementor-icon-list-item\">\n\t\t\t\t\t\t\t\t\t\t\t<span class=\"elementor-icon-list-icon\">\n\t\t\t\t\t\t\t<i aria-hidden=\"true\" class=\"fas fa-chevron-right\"><\/i>\t\t\t\t\t\t<\/span>\n\t\t\t\t\t\t\t\t\t\t<span class=\"elementor-icon-list-text\">U\u0219\u0103 mai mare, care se \u00eenchide automat cu indicator de disponibilitate \u0219i z\u0103vor<\/span>\n\t\t\t\t\t\t\t\t\t<\/li>\n\t\t\t\t\t\t<\/ul>\n\t\t\t\t<\/div>\n\t\t\t\t<\/div>\n\t\t\t\t<div class=\"elementor-element elementor-element-e6da928 elementor-align-center animated-fast elementor-invisible elementor-widget elementor-widget-button\" data-id=\"e6da928\" data-element_type=\"widget\" data-settings=\"{&quot;_animation&quot;:&quot;slideInUp&quot;}\" data-widget_type=\"button.default\">\n\t\t\t\t<div class=\"elementor-widget-container\">\n\t\t\t\t\t<div class=\"elementor-button-wrapper\">\n\t\t\t<a href=\"https:\/\/bio-wc.md\/contacte\/\" class=\"elementor-button-link elementor-button elementor-size-sm elementor-animation-shrink\" role=\"button\">\n\t\t\t\t\t\t<span class=\"elementor-button-content-wrapper\">\n\t\t\t\t\t\t<span class=\"elementor-button-text\">Contacteaz\u0103-ne<\/span>\n\t\t<\/span>\n\t\t\t\t\t<\/a>\n\t\t<\/div>\n\t\t\t\t<\/div>\n\t\t\t\t<\/div>\n\t\t\t\t\t\t<\/div>\n\t\t\t\t\t<\/div>\n\t\t<\/div>\n\t\t\t\t\t\t\t\t<\/div>\n\t\t\t\t\t<\/div>\n\t\t<\/section>\n\t\t\t\t<section class=\"elementor-section elementor-top-section elementor-element elementor-element-681c8fc ct-section-stretched elementor-section-height-min-height elementor-section-boxed elementor-section-height-default elementor-section-items-middle ct-columns-alignment-fix\" data-id=\"681c8fc\" data-element_type=\"section\" data-settings=\"{&quot;background_background&quot;:&quot;slideshow&quot;,&quot;background_slideshow_gallery&quot;:[{&quot;id&quot;:309,&quot;url&quot;:&quot;https:\\\/\\\/bio-wc.md\\\/wp-content\\\/uploads\\\/2020\\\/12\\\/footer-1920.png&quot;}],&quot;background_slideshow_loop&quot;:&quot;yes&quot;,&quot;background_slideshow_slide_duration&quot;:5000,&quot;background_slideshow_slide_transition&quot;:&quot;fade&quot;,&quot;background_slideshow_transition_duration&quot;:500}\">\n\t\t\t\t\t\t<div class=\"elementor-container elementor-column-gap-default\">\n\t\t\t\t\t\t\t<div class=\"elementor-row\">\n\t\t\t\t\t<div class=\"elementor-column elementor-col-100 elementor-top-column elementor-element elementor-element-fe4563c\" data-id=\"fe4563c\" data-element_type=\"column\">\n\t\t\t<div class=\"elementor-column-wrap\">\n\t\t\t\t\t\t\t<div class=\"elementor-widget-wrap\">\n\t\t\t\t\t\t\t\t<\/div>\n\t\t\t\t\t<\/div>\n\t\t<\/div>\n\t\t\t\t\t\t\t\t<\/div>\n\t\t\t\t\t<\/div>\n\t\t<\/section>\n\t\t\t\t\t\t<\/div>\n\t\t\t\t\t\t<\/div>\n\t\t\t\t\t<\/div>\n\t\t","protected":false},"excerpt":{"rendered":"<p>\u00cen\u0103l\u021bime 2310 mm L\u0103\u021bime 1570 mm Ad\u00e2ncime 1570 mm Greutate 108 kg Toalet\u0103 portabil\u0103 pentru persoane cu deficien\u021be locomotorii Ala\u0306turi de noi putet\u0326i oferi posibilitatea tuturor oamenilor sa\u0306 aiba\u0306 acces la evenimentele dumneavoastra\u0306. Caracteristici Balustrad\u0103 interioar\u0103 1.5m2 spa\u021biu interior Construc\u021bie puternic\u0103 Robinet cu pomp\u0103 de picior U\u0219\u0103 mai mare, care se \u00eenchide automat cu indicator de disponibilitate \u0219i z\u0103vor Contacteaz\u0103-ne<\/p>\n","protected":false},"author":1,"featured_media":0,"parent":0,"menu_order":0,"comment_status":"closed","ping_status":"closed","template":"","meta":{"footnotes":""},"class_list":["post-1532","page","type-page","status-publish","hentry"],"blocksy_meta":"","featured_image_urls":{"full":"","thumbnail":"","medium":"","medium_large":"","large":"","1536x1536":"","2048x2048":""},"post_excerpt_stackable":"<p>\u00cen\u0103l\u021bime 2310 mm L\u0103\u021bime 1570 mm Ad\u00e2ncime 1570 mm Greutate 108 kg Toalet\u0103 portabil\u0103 pentru persoane cu deficien\u021be locomotorii Ala\u0306turi de noi putet\u0326i oferi posibilitatea tuturor oamenilor sa\u0306 aiba\u0306 acces la evenimentele dumneavoastra\u0306. Caracteristici Balustrad\u0103 interioar\u0103 1.5m2 spa\u021biu interior Construc\u021bie puternic\u0103 Robinet cu pomp\u0103 de picior U\u0219\u0103 mai mare, care se \u00eenchide automat cu indicator de disponibilitate \u0219i z\u0103vor Contacteaz\u0103-ne<\/p>\n","category_list":"","author_info":{"name":"Vlad_dec","url":"https:\/\/bio-wc.md\/ro\/author\/vlad_dec\/"},"comments_num":"0 comments","_links":{"self":[{"href":"https:\/\/bio-wc.md\/ro\/wp-json\/wp\/v2\/pages\/1532","targetHints":{"allow":["GET"]}}],"collection":[{"href":"https:\/\/bio-wc.md\/ro\/wp-json\/wp\/v2\/pages"}],"about":[{"href":"https:\/\/bio-wc.md\/ro\/wp-json\/wp\/v2\/types\/page"}],"author":[{"embeddable":true,"href":"https:\/\/bio-wc.md\/ro\/wp-json\/wp\/v2\/users\/1"}],"replies":[{"embeddable":true,"href":"https:\/\/bio-wc.md\/ro\/wp-json\/wp\/v2\/comments?post=1532"}],"version-history":[{"count":73,"href":"https:\/\/bio-wc.md\/ro\/wp-json\/wp\/v2\/pages\/1532\/revisions"}],"predecessor-version":[{"id":2724,"href":"https:\/\/bio-wc.md\/ro\/wp-json\/wp\/v2\/pages\/1532\/revisions\/2724"}],"wp:attachment":[{"href":"https:\/\/bio-wc.md\/ro\/wp-json\/wp\/v2\/media?parent=1532"}],"curies":[{"name":"wp","href":"https:\/\/api.w.org\/{rel}","templated":true}]}}